{"id":49,"date":"2014-02-23T15:37:41","date_gmt":"2014-02-23T14:37:41","guid":{"rendered":"http:\/\/85.92.147.231\/~mallemolen\/wordpress\/?page_id=49"},"modified":"2023-02-18T16:27:18","modified_gmt":"2023-02-18T15:27:18","slug":"verhuur","status":"publish","type":"page","link":"http:\/\/www.mallemolen.eu\/?page_id=49","title":{"rendered":"Verhuur"},"content":{"rendered":"<p><span style=\"font-size: small;\"><br \/>\n<strong>Verhuurperiode:\u00a0<\/strong><br \/>\nHet is mogelijk om &#8220;de Mallemolen&#8221; in iedere periode van het jaar te huren. De &#8220;hoog&#8221;seizoen weken in principe van zaterdag tot zaterdag.<br \/>\n<strong>Aankomst en vertrek:\u00a0<\/strong><br \/>\nAankomst (in principe) op zaterdag n\u00e1 15.00 uur. Vertrek op zaterdag v\u00f3\u00f3r 10.00 uur<br \/>\n<strong>Huurprijzen vanaf 2023:\u00a0<\/strong><\/p>\n<ul>\n<li>Prijs 5 personen vanaf \u20ac 595,00 &#8211; \u20ac 995,00 per week<\/li>\n<\/ul>\n<p><span style=\"font-size: small;\"><br \/>\nDe huurprijs is inclusief gas, licht en water.<br \/>\n<strong>Bijkomende kosten:<\/strong><br \/>\n<span style=\"font-size: small;\">Verplichte eindschoonmaak.<br \/>\nToeristenbelasting gemeente Veere. Deze bedraagt \u20ac 2,00 per persoon per nacht.<br \/>\nGebruik van de wasmachine en\/of droger is mogelijk. Hiervoor wordt echter een vergoeding gevraagd.<br \/>\n&#8220;De Mallemolen&#8221; heeft een internetverbinding.<\/p>\n<p><strong>Prijs per nacht:<\/strong><br \/>\n<span style=\"font-size: small;\">In het voor- en naseizoen kan men ook per nacht verblijven. Neem contact op voor de actuele prijzen.<\/p>\n<p><strong>Huisdieren:\u00a0<\/strong><br \/>\n<span style=\"font-size: small;\">Alhoewel wij veel van dieren houden, zijn huisdieren in &#8220;de Mallemolen&#8221; niet toegestaan.<\/p>\n<p>&nbsp;<br \/>\n<\/span><br \/>\n&nbsp;<\/p>\n","protected":false},"excerpt":{"rendered":"<p>Verhuurperiode:\u00a0 Het is mogelijk om &#8220;de Mallemolen&#8221; in iedere periode van het jaar te huren. De &#8220;hoog&#8221;seizoen weken in principe van zaterdag tot zaterdag. Aankomst en vertrek:\u00a0 Aankomst (in principe) <a href=\"http:\/\/www.mallemolen.eu\/?page_id=49\">(&#8230;Read More)<\/a><\/p>\n","protected":false},"author":1,"featured_media":0,"parent":2,"menu_order":0,"comment_status":"closed","ping_status":"closed","template":"","meta":{"Layout":""},"_links":{"self":[{"href":"http:\/\/www.mallemolen.eu\/index.php?rest_route=\/wp\/v2\/pages\/49"}],"collection":[{"href":"http:\/\/www.mallemolen.eu\/index.php?rest_route=\/wp\/v2\/pages"}],"about":[{"href":"http:\/\/www.mallemolen.eu\/index.php?rest_route=\/wp\/v2\/types\/page"}],"author":[{"embeddable":true,"href":"http:\/\/www.mallemolen.eu\/index.php?rest_route=\/wp\/v2\/users\/1"}],"replies":[{"embeddable":true,"href":"http:\/\/www.mallemolen.eu\/index.php?rest_route=%2Fwp%2Fv2%2Fcomments&post=49"}],"version-history":[{"count":29,"href":"http:\/\/www.mallemolen.eu\/index.php?rest_route=\/wp\/v2\/pages\/49\/revisions"}],"predecessor-version":[{"id":345,"href":"http:\/\/www.mallemolen.eu\/index.php?rest_route=\/wp\/v2\/pages\/49\/revisions\/345"}],"up":[{"embeddable":true,"href":"http:\/\/www.mallemolen.eu\/index.php?rest_route=\/wp\/v2\/pages\/2"}],"wp:attachment":[{"href":"http:\/\/www.mallemolen.eu\/index.php?rest_route=%2Fwp%2Fv2%2Fmedia&parent=49"}],"curies":[{"name":"wp","href":"https:\/\/api.w.org\/{rel}","templated":true}]}}