{"id":55,"date":"2014-02-23T15:41:22","date_gmt":"2014-02-23T14:41:22","guid":{"rendered":"http:\/\/85.92.147.231\/~mallemolen\/wordpress\/?page_id=55"},"modified":"2014-05-11T16:47:55","modified_gmt":"2014-05-11T15:47:55","slug":"lage","status":"publish","type":"page","link":"http:\/\/www.mallemolen.eu\/?page_id=55","title":{"rendered":"Lage"},"content":{"rendered":"<p><font size=\"2\"><br \/>\n&#8220;De Mallemolen&#8221; befindet sich am Dorpsdijk, im Zentrum von Vrouwenpolder. Gesch\u00e4fte und Restaurants sind zu fu\u00df (100m) problemlos zu erreichen. Der Strand, die D\u00fcnen und das Veerse Meer sind knapp 800 bis 1000m entfernt.<\/p>\n<p>Walcheren ist bekannt f\u00fcr seine sch\u00f6n angelegten Fahrradwege.<br \/>\nAb Vrouwenpolder sind die umliegenden Orte, W\u00e4lder, D\u00fcnen- und Naturschutz-Gebiete leicht mit dem Fahrrad zu erkunden. Es bestehen auch Busverbindungen nach Middelburg, Vlissingen und die \u00fcbrigen Orte auf Walcheren. De Bushaltestelle befindet sich am Vrouwenpolderse Weg (ca. 500m).<\/p>\n<p><\/font><\/p>\n","protected":false},"excerpt":{"rendered":"<p>&#8220;De Mallemolen&#8221; befindet sich am Dorpsdijk, im Zentrum von Vrouwenpolder. Gesch\u00e4fte und Restaurants sind zu fu\u00df (100m) problemlos zu erreichen. Der Strand, die D\u00fcnen und das Veerse Meer sind knapp <a href=\"http:\/\/www.mallemolen.eu\/?page_id=55\">(&#8230;Read More)<\/a><\/p>\n","protected":false},"author":1,"featured_media":0,"parent":53,"menu_order":0,"comment_status":"closed","ping_status":"closed","template":"","meta":{"Layout":""},"_links":{"self":[{"href":"http:\/\/www.mallemolen.eu\/index.php?rest_route=\/wp\/v2\/pages\/55"}],"collection":[{"href":"http:\/\/www.mallemolen.eu\/index.php?rest_route=\/wp\/v2\/pages"}],"about":[{"href":"http:\/\/www.mallemolen.eu\/index.php?rest_route=\/wp\/v2\/types\/page"}],"author":[{"embeddable":true,"href":"http:\/\/www.mallemolen.eu\/index.php?rest_route=\/wp\/v2\/users\/1"}],"replies":[{"embeddable":true,"href":"http:\/\/www.mallemolen.eu\/index.php?rest_route=%2Fwp%2Fv2%2Fcomments&post=55"}],"version-history":[{"count":2,"href":"http:\/\/www.mallemolen.eu\/index.php?rest_route=\/wp\/v2\/pages\/55\/revisions"}],"predecessor-version":[{"id":219,"href":"http:\/\/www.mallemolen.eu\/index.php?rest_route=\/wp\/v2\/pages\/55\/revisions\/219"}],"up":[{"embeddable":true,"href":"http:\/\/www.mallemolen.eu\/index.php?rest_route=\/wp\/v2\/pages\/53"}],"wp:attachment":[{"href":"http:\/\/www.mallemolen.eu\/index.php?rest_route=%2Fwp%2Fv2%2Fmedia&parent=55"}],"curies":[{"name":"wp","href":"https:\/\/api.w.org\/{rel}","templated":true}]}}