{"id":59,"date":"2014-02-23T15:44:18","date_gmt":"2014-02-23T14:44:18","guid":{"rendered":"http:\/\/85.92.147.231\/~mallemolen\/wordpress\/?page_id=59"},"modified":"2018-01-19T09:27:49","modified_gmt":"2018-01-19T08:27:49","slug":"allgemeines","status":"publish","type":"page","link":"http:\/\/www.mallemolen.eu\/?page_id=59","title":{"rendered":"Allgemeines"},"content":{"rendered":"<p>&nbsp;<\/p>\n<ul>\n<li>Geeignet f\u00fcr 5 Personen mit der M\u00f6glichkeit 2 zus\u00e4tzliche besuchenden Personen.<\/li>\n<li>Das Ferienhaus ist eingestuft in ANWB &#8211; Klasse 3*.<\/li>\n<li>&#8220;De Mallemolen&#8221; ist ganz mit Doppelverglasung und Zentralheizung ausgestattet.(Zentralheizung und Warmwasser werden durch einen Kombikessel gespeist)<\/li>\n<li>In allen Schlafzimmern sind sowohl Schr\u00e4nke mit H\u00e4nge- als auch Legem\u00f6glichkeiten vorhanden.<\/li>\n<li>Waschmaschine und Trockner gegen eine geringe Geb\u00fchr.<\/li>\n<li>F\u00fcr Kleinkinder ist alles vorhanden. Falls notwendig, steht ein Kinderstuhl, Kinderbett und eine Kinderbadewanne bereit. Die Treppe ist mit einem Tor gesichert.<\/li>\n<li>F\u00fcr mitgebrachte oder gemietete Fahrr\u00e4der ist ein \u00fcberdachter, abschlie\u00dfbarer Stellplatz vorhanden.<\/li>\n<li>&#8220;De Mallemolen&#8221; hat einen eigenen Eingang. Hinter dem Ferienhaus befindet sich ein gro\u00dfer Garten (ca. 3900qm) mit verschiedenen Sitzecken, in denen man herrlich unter 65 jahre alten Obstb\u00e4umen verweilen kann.<\/li>\n<li>Au\u00dferdem gibt es einen kleinen Obstgarten, in dem man wunderbar spazieren und sich auf, zwischen den Apfelb\u00e4umen gelegenen, B\u00e4nken erholen kann.<\/li>\n<li>&#8220;De Mallemolen&#8221; ist ein Haustier und rauchfreies Zuhause<\/li>\n<\/ul>\n<p>&nbsp;<\/p>\n<p>Der vordere Teil des Gartens ist mit einer Beleuchtung versehen, so da\u00df es, vor allem im Sommer m\u00f6glich ist, auch abends im Garten zu sitzen.<br \/>\nAn der hinteren Seite des Gartens ist ein Eingang zum Gel\u00e4nde, dort sind eine Anzahl von Parkpl\u00e4tzen . Autos und\/oder Anh\u00e4nger k\u00f6nnen so auf privatem Gel\u00e4nde abgestellt werden.<\/p>\n<p>Auch f\u00fcr Kinder ist dort raum genug. Es gibt einen Spielplatz mit Go-Karts, Trecker, Fahrr\u00e4dchen usw. Im Obstgarten befindet sich ein Spielplatz mit Schaukeln, Wip, einem Kletterger\u00fcst mit Rutschbahn und einem Volleyball-feld f\u00fcr die etwas gr\u00f6\u00dferen Kinder.<br \/>\nIn zwei Tiergehegen leben Ziegen, G\u00e4nse, Enten und H\u00fchner.<\/p>\n<p>&nbsp;<\/p>\n","protected":false},"excerpt":{"rendered":"<p>&nbsp; Geeignet f\u00fcr 5 Personen mit der M\u00f6glichkeit 2 zus\u00e4tzliche besuchenden Personen. Das Ferienhaus ist eingestuft in ANWB &#8211; Klasse 3*. &#8220;De Mallemolen&#8221; ist ganz mit Doppelverglasung und Zentralheizung ausgestattet.(Zentralheizung <a href=\"http:\/\/www.mallemolen.eu\/?page_id=59\">(&#8230;Read More)<\/a><\/p>\n","protected":false},"author":1,"featured_media":0,"parent":53,"menu_order":0,"comment_status":"closed","ping_status":"closed","template":"","meta":{"Layout":""},"_links":{"self":[{"href":"http:\/\/www.mallemolen.eu\/index.php?rest_route=\/wp\/v2\/pages\/59"}],"collection":[{"href":"http:\/\/www.mallemolen.eu\/index.php?rest_route=\/wp\/v2\/pages"}],"about":[{"href":"http:\/\/www.mallemolen.eu\/index.php?rest_route=\/wp\/v2\/types\/page"}],"author":[{"embeddable":true,"href":"http:\/\/www.mallemolen.eu\/index.php?rest_route=\/wp\/v2\/users\/1"}],"replies":[{"embeddable":true,"href":"http:\/\/www.mallemolen.eu\/index.php?rest_route=%2Fwp%2Fv2%2Fcomments&post=59"}],"version-history":[{"count":5,"href":"http:\/\/www.mallemolen.eu\/index.php?rest_route=\/wp\/v2\/pages\/59\/revisions"}],"predecessor-version":[{"id":316,"href":"http:\/\/www.mallemolen.eu\/index.php?rest_route=\/wp\/v2\/pages\/59\/revisions\/316"}],"up":[{"embeddable":true,"href":"http:\/\/www.mallemolen.eu\/index.php?rest_route=\/wp\/v2\/pages\/53"}],"wp:attachment":[{"href":"http:\/\/www.mallemolen.eu\/index.php?rest_route=%2Fwp%2Fv2%2Fmedia&parent=59"}],"curies":[{"name":"wp","href":"https:\/\/api.w.org\/{rel}","templated":true}]}}