{"id":68,"date":"2014-02-23T15:49:16","date_gmt":"2014-02-23T14:49:16","guid":{"rendered":"http:\/\/85.92.147.231\/~mallemolen\/wordpress\/?page_id=68"},"modified":"2016-02-03T21:02:26","modified_gmt":"2016-02-03T20:02:26","slug":"francais","status":"publish","type":"page","link":"http:\/\/www.mallemolen.eu\/?page_id=68","title":{"rendered":"<img class=\"alignnone size-full wp-image-69\" alt=\"animatie-vlag-france_a[1]\" src=\"http:\/\/185.27.175.2\/~sonsbeek\/wordpress\/wp-content\/uploads\/2014\/02\/animatie-vlag-france_a1.gif\" width=\"24\" height=\"16\" \/> Francais"},"content":{"rendered":"<p><font size=\"2\"><br \/>\n<a href=\"http:\/\/www.mallemolen.eu\/wordpress\/wp-content\/uploads\/2014\/03\/Mvc-024f.jpg\"><img decoding=\"async\" loading=\"lazy\" class=\"alignleft size-thumbnail wp-image-146\" src=\"http:\/\/www.mallemolen.eu\/wordpress\/wp-content\/uploads\/2014\/03\/Mvc-024f-150x150.jpg\" alt=\"Mvc-024f\" width=\"150\" height=\"150\" \/><\/a>Le Mallemolen est une maison de vacances pour 5 \u00e0 7 personnes dans le toujours agr\u00e9able Vrouwenpolder. Sur les pages suivantes, vous trouverez une description compl\u00e8te de la propri\u00e9t\u00e9 avec photos et prix.<\/p>\n<p>Outre le Mallemolen nous louons aussi d&#8217;autres objets. Demandez les possibilit\u00e9s.<\/p>\n<p>&nbsp;<\/p>\n<p><a title=\"G\u00e9n\u00e9ral\" href=\"http:\/\/www.mallemolen.eu\/?page_id=76\">G\u00e9n\u00e9ral<\/a>\u00a0\u00a0| \u00a0<a title=\"Emplacement\" href=\"http:\/\/www.mallemolen.eu\/?page_id=72\">Emplacement<\/a>\u00a0\u00a0| \u00a0<a title=\"Meubl\u00e9es\" href=\"http:\/\/www.mallemolen.eu\/?page_id=74\">Meubl\u00e9es<\/a>\u00a0\u00a0| \u00a0<a title=\"Louer\" href=\"http:\/\/mallemolen.eu\/?page_id=78\">Louer<\/a><\/p>\n<p>&nbsp;<br \/>\n<\/font><\/p>\n","protected":false},"excerpt":{"rendered":"<p>Le Mallemolen est une maison de vacances pour 5 \u00e0 7 personnes dans le toujours agr\u00e9able Vrouwenpolder. Sur les pages suivantes, vous trouverez une description compl\u00e8te de la propri\u00e9t\u00e9 avec <a href=\"http:\/\/www.mallemolen.eu\/?page_id=68\">(&#8230;Read More)<\/a><\/p>\n","protected":false},"author":1,"featured_media":0,"parent":0,"menu_order":0,"comment_status":"closed","ping_status":"closed","template":"","meta":{"Layout":""},"_links":{"self":[{"href":"http:\/\/www.mallemolen.eu\/index.php?rest_route=\/wp\/v2\/pages\/68"}],"collection":[{"href":"http:\/\/www.mallemolen.eu\/index.php?rest_route=\/wp\/v2\/pages"}],"about":[{"href":"http:\/\/www.mallemolen.eu\/index.php?rest_route=\/wp\/v2\/types\/page"}],"author":[{"embeddable":true,"href":"http:\/\/www.mallemolen.eu\/index.php?rest_route=\/wp\/v2\/users\/1"}],"replies":[{"embeddable":true,"href":"http:\/\/www.mallemolen.eu\/index.php?rest_route=%2Fwp%2Fv2%2Fcomments&post=68"}],"version-history":[{"count":9,"href":"http:\/\/www.mallemolen.eu\/index.php?rest_route=\/wp\/v2\/pages\/68\/revisions"}],"predecessor-version":[{"id":272,"href":"http:\/\/www.mallemolen.eu\/index.php?rest_route=\/wp\/v2\/pages\/68\/revisions\/272"}],"wp:attachment":[{"href":"http:\/\/www.mallemolen.eu\/index.php?rest_route=%2Fwp%2Fv2%2Fmedia&parent=68"}],"curies":[{"name":"wp","href":"https:\/\/api.w.org\/{rel}","templated":true}]}}