{"id":76,"date":"2014-02-23T15:58:35","date_gmt":"2014-02-23T14:58:35","guid":{"rendered":"http:\/\/85.92.147.231\/~mallemolen\/wordpress\/?page_id=76"},"modified":"2014-05-11T16:48:31","modified_gmt":"2014-05-11T15:48:31","slug":"general","status":"publish","type":"page","link":"http:\/\/www.mallemolen.eu\/?page_id=76","title":{"rendered":"G\u00e9n\u00e9ral"},"content":{"rendered":"<p><font size=\"2\"><\/p>\n<ul>\n<li>Convient pour 5 personnes avec possibilit\u00e9 de 2 personnes suppl\u00e9mentaire de visiteurs<\/li>\n<li>La maison a la qualification de ANWB ***<\/li>\n<li>&#8220;De Mallemolen&#8221; est effectu\u00e9 e avec des fen\u00eatres double et durable<\/li>\n<li>Chauffage central<\/li>\n<li>La salle de s\u00e9jour et la cuisine a un sol en pierre; tapis dans les chambres \u00e0 coucher<\/li>\n<li>C\u2019est possible d\u2019user la machine \u00e0 laver et le s\u00e8che-linge pour une somme modique<\/li>\n<li>Pour des petites: lit \u00e0 camping, table \u00e0 b\u00e9b\u00e9 avec coussin, chaise de b\u00e9b\u00e9, une barri\u00e8re de s\u00e9curit\u00e9 en haute de l\u2019escalier<\/li>\n<li>Il y a une remise pour des v\u00e9los, verrouill\u00e9 et couverte<\/li>\n<li>La maison a une entr\u00e9e individuelle<\/li>\n<li>Il y a un tr\u00e8s grand jardin (3900 m2) avec des arbres fruitiers, jouer l\u2019espace, des animaux comme des ch\u00e8vres, des oies, une canard<\/li>\n<li>L\u2019escarpolette, une bascule et un toboggan faire ce paradis des enfants compl\u00e8te!<\/li>\n<\/ul>\n<p>&nbsp;<br \/>\n<\/font><\/p>\n","protected":false},"excerpt":{"rendered":"<p>Convient pour 5 personnes avec possibilit\u00e9 de 2 personnes suppl\u00e9mentaire de visiteurs La maison a la qualification de ANWB *** &#8220;De Mallemolen&#8221; est effectu\u00e9 e avec des fen\u00eatres double et <a href=\"http:\/\/www.mallemolen.eu\/?page_id=76\">(&#8230;Read More)<\/a><\/p>\n","protected":false},"author":1,"featured_media":0,"parent":68,"menu_order":0,"comment_status":"closed","ping_status":"closed","template":"","meta":{"Layout":""},"_links":{"self":[{"href":"http:\/\/www.mallemolen.eu\/index.php?rest_route=\/wp\/v2\/pages\/76"}],"collection":[{"href":"http:\/\/www.mallemolen.eu\/index.php?rest_route=\/wp\/v2\/pages"}],"about":[{"href":"http:\/\/www.mallemolen.eu\/index.php?rest_route=\/wp\/v2\/types\/page"}],"author":[{"embeddable":true,"href":"http:\/\/www.mallemolen.eu\/index.php?rest_route=\/wp\/v2\/users\/1"}],"replies":[{"embeddable":true,"href":"http:\/\/www.mallemolen.eu\/index.php?rest_route=%2Fwp%2Fv2%2Fcomments&post=76"}],"version-history":[{"count":2,"href":"http:\/\/www.mallemolen.eu\/index.php?rest_route=\/wp\/v2\/pages\/76\/revisions"}],"predecessor-version":[{"id":220,"href":"http:\/\/www.mallemolen.eu\/index.php?rest_route=\/wp\/v2\/pages\/76\/revisions\/220"}],"up":[{"embeddable":true,"href":"http:\/\/www.mallemolen.eu\/index.php?rest_route=\/wp\/v2\/pages\/68"}],"wp:attachment":[{"href":"http:\/\/www.mallemolen.eu\/index.php?rest_route=%2Fwp%2Fv2%2Fmedia&parent=76"}],"curies":[{"name":"wp","href":"https:\/\/api.w.org\/{rel}","templated":true}]}}